{"id":117,"date":"2020-07-29T07:57:58","date_gmt":"2020-07-29T07:57:58","guid":{"rendered":"http:\/\/localhost\/devtheme\/?page_id=25"},"modified":"2025-09-29T02:31:33","modified_gmt":"2025-09-29T02:31:33","slug":"home","status":"publish","type":"page","link":"https:\/\/frauenfurentwicklung.org\/de\/","title":{"rendered":"Home"},"content":{"rendered":"<div data-elementor-type=\"wp-page\" data-elementor-id=\"117\" class=\"elementor elementor-117\">\n\t\t\t\t\t\t<section class=\"elementor-section elementor-top-section elementor-element elementor-element-176f63e elementor-section-full_width elementor-section-height-default elementor-section-height-default\" data-id=\"176f63e\" data-element_type=\"section\" data-settings=\"{&quot;shape_divider_bottom&quot;:&quot;mountains&quot;}\">\n\t\t\t\t\t<div class=\"elementor-shape elementor-shape-bottom\" aria-hidden=\"true\" data-negative=\"false\">\n\t\t\t<svg xmlns=\"http:\/\/www.w3.org\/2000\/svg\" viewbox=\"0 0 1000 100\" preserveaspectratio=\"none\">\n\t<path class=\"elementor-shape-fill\" opacity=\"0.33\" d=\"M473,67.3c-203.9,88.3-263.1-34-320.3,0C66,119.1,0,59.7,0,59.7V0h1000v59.7 c0,0-62.1,26.1-94.9,29.3c-32.8,3.3-62.8-12.3-75.8-22.1C806,49.6,745.3,8.7,694.9,4.7S492.4,59,473,67.3z\"\/>\n\t<path class=\"elementor-shape-fill\" opacity=\"0.66\" d=\"M734,67.3c-45.5,0-77.2-23.2-129.1-39.1c-28.6-8.7-150.3-10.1-254,39.1 s-91.7-34.4-149.2,0C115.7,118.3,0,39.8,0,39.8V0h1000v36.5c0,0-28.2-18.5-92.1-18.5C810.2,18.1,775.7,67.3,734,67.3z\"\/>\n\t<path class=\"elementor-shape-fill\" d=\"M766.1,28.9c-200-57.5-266,65.5-395.1,19.5C242,1.8,242,5.4,184.8,20.6C128,35.8,132.3,44.9,89.9,52.5C28.6,63.7,0,0,0,0 h1000c0,0-9.9,40.9-83.6,48.1S829.6,47,766.1,28.9z\"\/>\n<\/svg>\t\t<\/div>\n\t\t\t\t\t<div class=\"elementor-container elementor-column-gap-no\">\n\t\t\t\t\t<div class=\"elementor-column elementor-col-100 elementor-top-column elementor-element elementor-element-12dc02c\" data-id=\"12dc02c\" data-element_type=\"column\">\n\t\t\t<div class=\"elementor-widget-wrap elementor-element-populated\">\n\t\t\t\t\t\t<div class=\"elementor-element elementor-element-c72cf98 elementor-widget elementor-widget-sina_banner_slider\" data-id=\"c72cf98\" data-element_type=\"widget\" data-widget_type=\"sina_banner_slider.default\">\n\t\t\t\t<div class=\"elementor-widget-container\">\n\t\t\t\t\t\t\t<div class=\"sina-banner-slider owl-carousel\"\r\n\t\tdata-autoplay=\"\"\r\n\t\tdata-pause=\"yes\"\r\n\t\tdata-nav=\"yes\"\r\n\t\tdata-dots=\"\"\r\n\t\tdata-mouse-drag=\"yes\"\r\n\t\tdata-touch-drag=\"yes\"\r\n\t\tdata-loop=\"yes\"\r\n\t\tdata-speed=\"\"\r\n\t\tdata-part-anim=\"yes\"\r\n\t\tdata-delay=\"5000\">\r\n\r\n\t\t\t\t\t\t\t<div class=\"sina-slider-content sina-bg-cover\" style=\"background-image: url(https:\/\/frauenfurentwicklung.org\/wp-content\/uploads\/2025\/09\/00.jpg);\">\r\n\t\t\t\t\t\t\t\t\t\t\t<div class=\"sina-overlay\"><\/div>\r\n\t\t\t\t\t\r\n\t\t\t\t\t<div class=\"sina-banner-container elementor-repeater-item-5426150\">\r\n\r\n\t\t\t\t\t\t\t\t\t\t\t\t\t\t\t\t\t\t\t\t<h1 class=\"sina-banner-title sina-anim-invisible\" data-animation=\"animated fadeInLeft\">Looking forward to volunteer <span>in East Africa<\/span><\/h1>\t\t\t\t\t\t\r\n\t\t\t\t\t\t\r\n\t\t\t\t\t\t\t\t\t\t\t\t\t<div class=\"sina-banner-desc sina-anim-invisible\" data-animation=\"animated fadeInUp\">\n<\/div>\t\t\t\t\t\t\r\n\t\t\t\t\t\t\t\t\t\t\t\t\t<div class=\"sina-banner-btns sina-anim-invisible\" data-animation=\"animated fadeInUp\">\r\n\t\t\t\t\t\t\t\t\t\t\t\t\t\t\t\t\t<a class=\"sina-banner-pbtn\"\r\n\t\t\t\t\t\t\t\t\t\t\t\t\t\t\t\t\t\thref=\"#\"\r\n\t\t\t\t\t\t\t\t\t\t\t\t\t\t\t\t\t\t>\r\n\t\t\t\t\t\t\t\t\t\t\t\tjoin us\t\t\t\t\t\t\t\t\t\t\t<\/a>\r\n\t\t\t\t\t\t\t\t\r\n\t\t\t\t\t\t\t\t\t\t\t\t\t\t\t<\/div>\r\n\t\t\t\t\t\t\t\t\t\t\t<\/div>\r\n\t\t\t\t<\/div>\r\n\t\t\t\t\t\t\t<div class=\"sina-slider-content sina-bg-cover\" style=\"background-image: url(https:\/\/frauenfurentwicklung.org\/wp-content\/uploads\/2025\/09\/A9718122.jpeg);\">\r\n\t\t\t\t\t\t\t\t\t\t\t<div class=\"sina-overlay\"><\/div>\r\n\t\t\t\t\t\r\n\t\t\t\t\t<div class=\"sina-banner-container elementor-repeater-item-c58570d\">\r\n\r\n\t\t\t\t\t\t\t\t\t\t\t\t\t\t\t\t\t\t\t\t<h1 class=\"sina-banner-title sina-anim-invisible\" data-animation=\"animated fadeInLeft\">Let us transfoem<span>lives together<\/span><\/h1>\t\t\t\t\t\t\r\n\t\t\t\t\t\t\r\n\t\t\t\t\t\t\t\t\t\t\t\t\t<div class=\"sina-banner-desc sina-anim-invisible\" data-animation=\"animated fadeInUp\">\n<\/div>\t\t\t\t\t\t\r\n\t\t\t\t\t\t\t\t\t\t\t\t\t<div class=\"sina-banner-btns sina-anim-invisible\" data-animation=\"animated fadeInUp\">\r\n\t\t\t\t\t\t\t\t\t\t\t\t\t\t\t\t\t<a class=\"sina-banner-pbtn\"\r\n\t\t\t\t\t\t\t\t\t\t\t\t\t\t\t\t\t\thref=\"#\"\r\n\t\t\t\t\t\t\t\t\t\t\t\t\t\t\t\t\t\t>\r\n\t\t\t\t\t\t\t\t\t\t\t\tjoin us\t\t\t\t\t\t\t\t\t\t\t<\/a>\r\n\t\t\t\t\t\t\t\t\r\n\t\t\t\t\t\t\t\t\t\t\t\t\t\t\t<\/div>\r\n\t\t\t\t\t\t\t\t\t\t\t<\/div>\r\n\t\t\t\t<\/div>\r\n\t\t\t\t\t<\/div><!-- .sina-banner-slider -->\r\n\t\t\t\t\t\t<\/div>\n\t\t\t\t<\/div>\n\t\t\t\t\t<\/div>\n\t\t<\/div>\n\t\t\t\t\t<\/div>\n\t\t<\/section>\n\t\t<div class=\"elementor-element elementor-element-aaecbe3 e-flex e-con-boxed e-con e-parent\" data-id=\"aaecbe3\" data-element_type=\"container\">\n\t\t\t\t\t<div class=\"e-con-inner\">\n\t\t\t\t<div class=\"elementor-element elementor-element-63bc2e9 elementor-widget elementor-widget-heading\" data-id=\"63bc2e9\" data-element_type=\"widget\" data-widget_type=\"heading.default\">\n\t\t\t\t\t<h2 class=\"elementor-heading-title elementor-size-default\">Mission<\/h2>\t\t\t\t<\/div>\n\t\t\t\t<div class=\"elementor-element elementor-element-7d12ebd elementor-widget elementor-widget-text-editor\" data-id=\"7d12ebd\" data-element_type=\"widget\" data-widget_type=\"text-editor.default\">\n\t\t\t\t\t\t\t\t\t<p>Wir unterst\u00fctzen und erf\u00fcllen die Grundbed\u00fcrfnisse armer Menschen in Entwicklungsl\u00e4ndern, um ihre Eigenst\u00e4ndigkeit strukturell zu verbessern undihnen eine bessere Zukunft zu erm\u00f6glichen.<\/p>\t\t\t\t\t\t\t\t<\/div>\n\t\t\t\t<div class=\"elementor-element elementor-element-6c2c739 elementor-widget elementor-widget-heading\" data-id=\"6c2c739\" data-element_type=\"widget\" data-widget_type=\"heading.default\">\n\t\t\t\t\t<h2 class=\"elementor-heading-title elementor-size-default\">Vision<\/h2>\t\t\t\t<\/div>\n\t\t\t\t<div class=\"elementor-element elementor-element-e628d58 elementor-widget elementor-widget-text-editor\" data-id=\"e628d58\" data-element_type=\"widget\" data-widget_type=\"text-editor.default\">\n\t\t\t\t\t\t\t\t\t<p>Wir schaffen ein menschenw\u00fcrdiges Leben mit Zugang zu sauberem Trinkwasser, Gesundheitsversorgung, Nahrung, Bildung und Entwicklung.<\/p>\t\t\t\t\t\t\t\t<\/div>\n\t\t\t\t<div class=\"elementor-element elementor-element-3f94c6d elementor-widget elementor-widget-heading\" data-id=\"3f94c6d\" data-element_type=\"widget\" data-widget_type=\"heading.default\">\n\t\t\t\t\t<h2 class=\"elementor-heading-title elementor-size-default\">Objectives<\/h2>\t\t\t\t<\/div>\n\t\t\t\t<div class=\"elementor-element elementor-element-3e1eb9f elementor-widget elementor-widget-text-editor\" data-id=\"3e1eb9f\" data-element_type=\"widget\" data-widget_type=\"text-editor.default\">\n\t\t\t\t\t\t\t\t\t<p>Wir engagieren uns f\u00fcr eine Gesellschaft, in der Platz f\u00fcr alle ist,unabh\u00e4ngig von Herkunft und ethnischer Zugeh\u00f6rigkeit. Wir tun dies f\u00fcr alle.<\/p>\t\t\t\t\t\t\t\t<\/div>\n\t\t\t\t<div class=\"elementor-element elementor-element-fb74755 elementor-widget elementor-widget-heading\" data-id=\"fb74755\" data-element_type=\"widget\" data-widget_type=\"heading.default\">\n\t\t\t\t\t<h2 class=\"elementor-heading-title elementor-size-default\">Method<\/h2>\t\t\t\t<\/div>\n\t\t\t\t<div class=\"elementor-element elementor-element-100f31b elementor-widget elementor-widget-text-editor\" data-id=\"100f31b\" data-element_type=\"widget\" data-widget_type=\"text-editor.default\">\n\t\t\t\t\t\t\t\t\t<p>Um unsere Ziele zu erreichen und die lokale Gemeinschaft zu erreichen,arbeiten wir mit lokalen Organisationen in den L\u00e4ndern zusammen, in denen wir<br \/>t\u00e4tig sind.<\/p>\t\t\t\t\t\t\t\t<\/div>\n\t\t\t\t\t<\/div>\n\t\t\t\t<\/div>\n\t\t\t\t<section class=\"elementor-section elementor-top-section elementor-element elementor-element-0c4838c elementor-section-boxed elementor-section-height-default elementor-section-height-default\" data-id=\"0c4838c\" data-element_type=\"section\">\n\t\t\t\t\t\t\t<div class=\"elementor-background-overlay\"><\/div>\n\t\t\t\t\t\t\t<div class=\"elementor-container elementor-column-gap-default\">\n\t\t\t\t\t<div class=\"elementor-column elementor-col-100 elementor-top-column elementor-element elementor-element-1744003\" data-id=\"1744003\" data-element_type=\"column\">\n\t\t\t<div class=\"elementor-widget-wrap elementor-element-populated\">\n\t\t\t\t\t\t<section class=\"elementor-section elementor-inner-section elementor-element elementor-element-1fd7740 elementor-section-boxed elementor-section-height-default elementor-section-height-default\" data-id=\"1fd7740\" data-element_type=\"section\">\n\t\t\t\t\t\t<div class=\"elementor-container elementor-column-gap-default\">\n\t\t\t\t\t<div class=\"elementor-column elementor-col-100 elementor-inner-column elementor-element elementor-element-97521b3\" data-id=\"97521b3\" data-element_type=\"column\">\n\t\t\t<div class=\"elementor-widget-wrap elementor-element-populated\">\n\t\t\t\t\t\t<div class=\"elementor-element elementor-element-a394891 elementor-widget elementor-widget-sina_title\" data-id=\"a394891\" data-element_type=\"widget\" data-widget_type=\"sina_title.default\">\n\t\t\t\t<div class=\"elementor-widget-container\">\n\t\t\t\t\t\t\t<div class=\"sina-title\">\r\n\t\t\t\r\n\t\t\t\t\t\t\t<h2 class=\"sina-title-title\">Because we believe now is the time to help!<span>organization<\/span><\/h2>\t\t\t\r\n\t\t\t\r\n\t\t\t\r\n\t\t\t\t\t<\/div><!-- .sina-title -->\r\n\t\t\t\t\t\t<\/div>\n\t\t\t\t<\/div>\n\t\t\t\t<div class=\"elementor-element elementor-element-aafbb1d elementor-widget elementor-widget-text-editor\" data-id=\"aafbb1d\" data-element_type=\"widget\" data-widget_type=\"text-editor.default\">\n\t\t\t\t\t\t\t\t\t<p>Seit 2012 engagiert sich die Frauen-Fur Entwicklung weltweit f\u00fcr die<br \/>Verbesserung der Lebensbedingungen benachteiligter Menschen. Unsere Mission<br \/>basiert auf dem Streben nach einer gerechten Gesellschaft. Wir implementieren<br \/>und unterst\u00fctzen verschiedene Projekte in 20 L\u00e4ndern, um positive<br \/>Ver\u00e4nderungen herbeizuf\u00fchren. Dies erreichen wir durch gezielte Initiativen,<br \/>darunter Bildungsprogramme, Gesundheitseinrichtungen, sauberes Trinkwasser<br \/>und nachhaltige Entwicklungsprojekte. Durch die enge Zusammenarbeit mit den<br \/>lokalen Gemeinden streben wir danach, L\u00f6sungen zu finden, die die<br \/>Eigenst\u00e4ndigkeit f\u00f6rdern.<\/p>\t\t\t\t\t\t\t\t<\/div>\n\t\t\t\t<div class=\"elementor-element elementor-element-413d88a elementor-widget elementor-widget-icon-box\" data-id=\"413d88a\" data-element_type=\"widget\" data-widget_type=\"icon-box.default\">\n\t\t\t\t\t\t\t<div class=\"elementor-icon-box-wrapper\">\n\n\t\t\t\n\t\t\t\t\t\t<div class=\"elementor-icon-box-content\">\n\n\t\t\t\t\t\t\t\t\t<h3 class=\"elementor-icon-box-title\">\n\t\t\t\t\t\t<span  >\n\t\t\t\t\t\t\t&quot;Together we make a difference and work towards a better future for everyone.&quot;\t\t\t\t\t\t<\/span>\n\t\t\t\t\t<\/h3>\n\t\t\t\t\n\t\t\t\t\t\t\t\t\t<p class=\"elementor-icon-box-description\">\n\t\t\t\t\t\tMit einem Team engagierter Freiwilliger und Partner bem\u00fchen wir uns, den\nAlltag bed\u00fcrftiger Menschen positiv zu beeinflussen. Ob Nothilfe,\nBrunnenbohrungen f\u00fcr sauberes Trinkwasser, die Organisation medizinischer\nEins\u00e4tze in 20 Entwicklungsl\u00e4ndern oder die F\u00f6rderung von Bildungsprojekten \u2013\nwir glauben an praktisches Handeln, um Ver\u00e4nderungen voranzutreiben.\nThe Frauen-Fur Entwicklung Der Fokus liegt nicht nur auf internationaler\nEntwicklungshilfe, sondern auch auf der Armutsbek\u00e4mpfung im Nahen Osten.\nObwohl der Nahe Osten zu den reichsten L\u00e4ndern der Welt z\u00e4hlt, ist Armut dort\nallgegenw\u00e4rtig. Sie \u00e4u\u00dfert sich in finanziellen Schwierigkeiten, sozialer\nAusgrenzung, gesundheitlichen Problemen und Einsamkeit. Wir wollen auch vor\nOrt etwas bewirken und diese Herausforderungen angehen.\nDank der Unterst\u00fctzung unserer Spender k\u00f6nnen wir uns weiterhin f\u00fcr eine Welt\neinsetzen, in der niemand zur\u00fcckgelassen wird. Durch Transparenz und\nRechenschaftspflicht wollen wir das Vertrauen unserer Community bewahren und\nzeigen, dass Zusammenarbeit der Schl\u00fcssel zu nachhaltigem Fortschritt ist.\t\t\t\t\t<\/p>\n\t\t\t\t\n\t\t\t<\/div>\n\t\t\t\n\t\t<\/div>\n\t\t\t\t\t\t<\/div>\n\t\t\t\t\t<\/div>\n\t\t<\/div>\n\t\t\t\t\t<\/div>\n\t\t<\/section>\n\t\t\t\t\t<\/div>\n\t\t<\/div>\n\t\t\t\t\t<\/div>\n\t\t<\/section>\n\t\t<div class=\"elementor-element elementor-element-ac2999a e-flex e-con-boxed e-con e-parent\" data-id=\"ac2999a\" data-element_type=\"container\">\n\t\t\t\t\t<div class=\"e-con-inner\">\n\t\t<div class=\"elementor-element elementor-element-fab9e44 e-con-full e-flex e-con e-child\" data-id=\"fab9e44\" data-element_type=\"container\" data-settings=\"{&quot;background_background&quot;:&quot;classic&quot;}\">\n\t\t\t\t<div class=\"elementor-element elementor-element-aedfa84 elementor-widget elementor-widget-heading\" data-id=\"aedfa84\" data-element_type=\"widget\" data-widget_type=\"heading.default\">\n\t\t\t\t\t<h2 class=\"elementor-heading-title elementor-size-default\">Clean drinking water<\/h2>\t\t\t\t<\/div>\n\t\t\t\t<div class=\"elementor-element elementor-element-80b9e34 elementor-widget elementor-widget-text-editor\" data-id=\"80b9e34\" data-element_type=\"widget\" data-widget_type=\"text-editor.default\">\n\t\t\t\t\t\t\t\t\t<p>Der Zugang zu sauberem Trinkwasser ist ein Menschenrecht. In mehreren<br \/>benachteiligten L\u00e4ndern arbeiten wir am Bau von Brunnen und tragen so zur<br \/>Eigenst\u00e4ndigkeit der lokalen Gemeinschaften bei.<\/p>\t\t\t\t\t\t\t\t<\/div>\n\t\t\t\t<div class=\"elementor-element elementor-element-18e7553 elementor-align-left elementor-widget elementor-widget-button\" data-id=\"18e7553\" data-element_type=\"widget\" data-widget_type=\"button.default\">\n\t\t\t\t\t\t\t\t\t\t<a class=\"elementor-button elementor-button-link elementor-size-sm\" href=\"#\">\n\t\t\t\t\t\t<span class=\"elementor-button-content-wrapper\">\n\t\t\t\t\t\t\t\t\t<span class=\"elementor-button-text\">Donate<\/span>\n\t\t\t\t\t<\/span>\n\t\t\t\t\t<\/a>\n\t\t\t\t\t\t\t\t<\/div>\n\t\t\t\t<\/div>\n\t\t<div class=\"elementor-element elementor-element-938f838 e-con-full e-flex e-con e-child\" data-id=\"938f838\" data-element_type=\"container\">\n\t\t\t\t<div class=\"elementor-element elementor-element-4c5645c elementor-widget elementor-widget-heading\" data-id=\"4c5645c\" data-element_type=\"widget\" data-widget_type=\"heading.default\">\n\t\t\t\t\t<h2 class=\"elementor-heading-title elementor-size-default\">Child and Education<\/h2>\t\t\t\t<\/div>\n\t\t\t\t<div class=\"elementor-element elementor-element-6b4b016 elementor-widget elementor-widget-text-editor\" data-id=\"6b4b016\" data-element_type=\"widget\" data-widget_type=\"text-editor.default\">\n\t\t\t\t\t\t\t\t\t<p>Kinder k\u00e4mpfen in der harten Realit\u00e4t von Armut, Hunger und Vernachl\u00e4ssigung<br \/>ums \u00dcberleben. Gemeinsam k\u00f6nnen wir das Leben gef\u00e4hrdeter Kinder positiv<br \/>beeinflussen und ihnen mit Liebe eine hoffnungsvolle Zukunft schenken.<\/p>\t\t\t\t\t\t\t\t<\/div>\n\t\t\t\t<div class=\"elementor-element elementor-element-9b7303b elementor-widget elementor-widget-button\" data-id=\"9b7303b\" data-element_type=\"widget\" data-widget_type=\"button.default\">\n\t\t\t\t\t\t\t\t\t\t<a class=\"elementor-button elementor-button-link elementor-size-sm\" href=\"#\">\n\t\t\t\t\t\t<span class=\"elementor-button-content-wrapper\">\n\t\t\t\t\t\t\t\t\t<span class=\"elementor-button-text\">Donate<\/span>\n\t\t\t\t\t<\/span>\n\t\t\t\t\t<\/a>\n\t\t\t\t\t\t\t\t<\/div>\n\t\t\t\t<\/div>\n\t\t<div class=\"elementor-element elementor-element-5d2fc86 e-con-full e-flex e-con e-child\" data-id=\"5d2fc86\" data-element_type=\"container\">\n\t\t\t\t<div class=\"elementor-element elementor-element-fbda2ee elementor-widget elementor-widget-heading\" data-id=\"fbda2ee\" data-element_type=\"widget\" data-widget_type=\"heading.default\">\n\t\t\t\t\t<h2 class=\"elementor-heading-title elementor-size-default\">Cataract<\/h2>\t\t\t\t<\/div>\n\t\t\t\t<div class=\"elementor-element elementor-element-c9f414a elementor-widget elementor-widget-text-editor\" data-id=\"c9f414a\" data-element_type=\"widget\" data-widget_type=\"text-editor.default\">\n\t\t\t\t\t\t\t\t\t<p>In Afrika sind Tausende von Menschen durch Katarakte stark in ihren<br \/>F\u00e4higkeiten eingeschr\u00e4nkt. Viele Menschen sind aufgrund des Grauen Stars<br \/>nicht mehr in der Lage zu gehen oder selbstst\u00e4ndig zu arbeiten.<\/p>\t\t\t\t\t\t\t\t<\/div>\n\t\t\t\t<div class=\"elementor-element elementor-element-5677a40 elementor-widget elementor-widget-button\" data-id=\"5677a40\" data-element_type=\"widget\" data-widget_type=\"button.default\">\n\t\t\t\t\t\t\t\t\t\t<a class=\"elementor-button elementor-button-link elementor-size-sm\" href=\"#\">\n\t\t\t\t\t\t<span class=\"elementor-button-content-wrapper\">\n\t\t\t\t\t\t\t\t\t<span class=\"elementor-button-text\">Donate<\/span>\n\t\t\t\t\t<\/span>\n\t\t\t\t\t<\/a>\n\t\t\t\t\t\t\t\t<\/div>\n\t\t\t\t<\/div>\n\t\t<div class=\"elementor-element elementor-element-b09832f e-con-full e-flex e-con e-child\" data-id=\"b09832f\" data-element_type=\"container\">\n\t\t\t\t<div class=\"elementor-element elementor-element-f54eb9a elementor-widget elementor-widget-heading\" data-id=\"f54eb9a\" data-element_type=\"widget\" data-widget_type=\"heading.default\">\n\t\t\t\t\t<h2 class=\"elementor-heading-title elementor-size-default\">Medical Mission<\/h2>\t\t\t\t<\/div>\n\t\t\t\t<div class=\"elementor-element elementor-element-864afb8 elementor-widget elementor-widget-text-editor\" data-id=\"864afb8\" data-element_type=\"widget\" data-widget_type=\"text-editor.default\">\n\t\t\t\t\t\t\t\t\t<p>Reiseteams bieten armen Menschen in abgelegenen D\u00f6rfern Afrikas, die dringend<br \/>medizinische Hilfe ben\u00f6tigen, lebensrettende, kostenlose medizinische<br \/>Versorgung und Operationen.<\/p>\t\t\t\t\t\t\t\t<\/div>\n\t\t\t\t<div class=\"elementor-element elementor-element-28f0176 elementor-widget elementor-widget-button\" data-id=\"28f0176\" data-element_type=\"widget\" data-widget_type=\"button.default\">\n\t\t\t\t\t\t\t\t\t\t<a class=\"elementor-button elementor-button-link elementor-size-sm\" href=\"#\">\n\t\t\t\t\t\t<span class=\"elementor-button-content-wrapper\">\n\t\t\t\t\t\t\t\t\t<span class=\"elementor-button-text\">Donate<\/span>\n\t\t\t\t\t<\/span>\n\t\t\t\t\t<\/a>\n\t\t\t\t\t\t\t\t<\/div>\n\t\t\t\t<\/div>\n\t\t<div class=\"elementor-element elementor-element-2412979 e-con-full e-flex e-con e-child\" data-id=\"2412979\" data-element_type=\"container\">\n\t\t\t\t<div class=\"elementor-element elementor-element-dc760f6 elementor-widget elementor-widget-heading\" data-id=\"dc760f6\" data-element_type=\"widget\" data-widget_type=\"heading.default\">\n\t\t\t\t\t<h2 class=\"elementor-heading-title elementor-size-default\">Poverty Reduction de<\/h2>\t\t\t\t<\/div>\n\t\t\t\t<div class=\"elementor-element elementor-element-38d799c elementor-widget elementor-widget-text-editor\" data-id=\"38d799c\" data-element_type=\"widget\" data-widget_type=\"text-editor.default\">\n\t\t\t\t\t\t\t\t\t<p>Jeder Mensch z\u00e4hlt und hat das Recht auf ein erf\u00fclltes Leben. Frauen f\u00fcr<br \/>Entwicklung unterst\u00fctzt die Schw\u00e4chsten unserer Gesellschaft und nimmt ihnen<br \/>ihre Sorgen f\u00fcr eine Weile. Alles, worauf du achtest, w\u00e4chst!<\/p>\t\t\t\t\t\t\t\t<\/div>\n\t\t\t\t<div class=\"elementor-element elementor-element-dbaff8d elementor-widget elementor-widget-button\" data-id=\"dbaff8d\" data-element_type=\"widget\" data-widget_type=\"button.default\">\n\t\t\t\t\t\t\t\t\t\t<a class=\"elementor-button elementor-button-link elementor-size-sm\" href=\"#\">\n\t\t\t\t\t\t<span class=\"elementor-button-content-wrapper\">\n\t\t\t\t\t\t\t\t\t<span class=\"elementor-button-text\">Donate<\/span>\n\t\t\t\t\t<\/span>\n\t\t\t\t\t<\/a>\n\t\t\t\t\t\t\t\t<\/div>\n\t\t\t\t<\/div>\n\t\t<div class=\"elementor-element elementor-element-c1d930a e-con-full e-flex e-con e-child\" data-id=\"c1d930a\" data-element_type=\"container\">\n\t\t\t\t<div class=\"elementor-element elementor-element-6a3dfdc elementor-widget elementor-widget-heading\" data-id=\"6a3dfdc\" data-element_type=\"widget\" data-widget_type=\"heading.default\">\n\t\t\t\t\t<h2 class=\"elementor-heading-title elementor-size-default\">Donate a Gift<\/h2>\t\t\t\t<\/div>\n\t\t\t\t<div class=\"elementor-element elementor-element-853e342 elementor-widget elementor-widget-text-editor\" data-id=\"853e342\" data-element_type=\"widget\" data-widget_type=\"text-editor.default\">\n\t\t\t\t\t\t\t\t\t<p>Machen Sie Ihren besonderen Moment zu einer Gelegenheit zu helfen. Bitten Sie<br \/>zu Geburtstagen, Jubil\u00e4en oder Hochzeiten um Spenden statt Geschenke und<br \/>machen Sie gemeinsam anderen ein sinnvolles Geschenk<\/p>\t\t\t\t\t\t\t\t<\/div>\n\t\t\t\t<div class=\"elementor-element elementor-element-a636866 elementor-widget elementor-widget-button\" data-id=\"a636866\" data-element_type=\"widget\" data-widget_type=\"button.default\">\n\t\t\t\t\t\t\t\t\t\t<a class=\"elementor-button elementor-button-link elementor-size-sm\" href=\"#\">\n\t\t\t\t\t\t<span class=\"elementor-button-content-wrapper\">\n\t\t\t\t\t\t\t\t\t<span class=\"elementor-button-text\">Donate<\/span>\n\t\t\t\t\t<\/span>\n\t\t\t\t\t<\/a>\n\t\t\t\t\t\t\t\t<\/div>\n\t\t\t\t<\/div>\n\t\t\t\t\t<\/div>\n\t\t\t\t<\/div>\n\t\t\t\t<\/div>","protected":false},"excerpt":{"rendered":"<p>Looking forward to volunteer in East Africa join us Let us transfoemlives together join us Mission Wir unterst\u00fctzen und erf\u00fcllen die Grundbed\u00fcrfnisse armer Menschen in Entwicklungsl\u00e4ndern, um ihre Eigenst\u00e4ndigkeit strukturell zu verbessern undihnen eine bessere Zukunft zu erm\u00f6glichen. Vision Wir schaffen ein menschenw\u00fcrdiges Leben mit Zugang zu sauberem Trinkwasser, Gesundheitsversorgung, Nahrung, Bildung und Entwicklung. Objectives Wir engagieren uns f\u00fcr eine [&hellip;]<\/p>","protected":false},"author":1,"featured_media":0,"parent":0,"menu_order":0,"comment_status":"closed","ping_status":"closed","template":"elementor_header_footer","meta":{"footnotes":""},"class_list":["post-117","page","type-page","status-publish","hentry"],"_links":{"self":[{"href":"https:\/\/frauenfurentwicklung.org\/de\/wp-json\/wp\/v2\/pages\/117","targetHints":{"allow":["GET"]}}],"collection":[{"href":"https:\/\/frauenfurentwicklung.org\/de\/wp-json\/wp\/v2\/pages"}],"about":[{"href":"https:\/\/frauenfurentwicklung.org\/de\/wp-json\/wp\/v2\/types\/page"}],"author":[{"embeddable":true,"href":"https:\/\/frauenfurentwicklung.org\/de\/wp-json\/wp\/v2\/users\/1"}],"replies":[{"embeddable":true,"href":"https:\/\/frauenfurentwicklung.org\/de\/wp-json\/wp\/v2\/comments?post=117"}],"version-history":[{"count":19,"href":"https:\/\/frauenfurentwicklung.org\/de\/wp-json\/wp\/v2\/pages\/117\/revisions"}],"predecessor-version":[{"id":216,"href":"https:\/\/frauenfurentwicklung.org\/de\/wp-json\/wp\/v2\/pages\/117\/revisions\/216"}],"wp:attachment":[{"href":"https:\/\/frauenfurentwicklung.org\/de\/wp-json\/wp\/v2\/media?parent=117"}],"curies":[{"name":"wp","href":"https:\/\/api.w.org\/{rel}","templated":true}]}}