{"id":113,"date":"2020-07-30T07:21:05","date_gmt":"2020-07-30T07:21:05","guid":{"rendered":"http:\/\/localhost\/devtheme\/?page_id=120"},"modified":"2025-09-29T02:39:39","modified_gmt":"2025-09-29T02:39:39","slug":"services","status":"publish","type":"page","link":"https:\/\/frauenfurentwicklung.org\/de\/services\/","title":{"rendered":"Services"},"content":{"rendered":"<div data-elementor-type=\"wp-page\" data-elementor-id=\"113\" class=\"elementor elementor-113\">\n\t\t\t\t\t\t<section class=\"elementor-section elementor-top-section elementor-element elementor-element-6c437f8 elementor-section-boxed elementor-section-height-default elementor-section-height-default\" data-id=\"6c437f8\" data-element_type=\"section\" data-settings=\"{&quot;background_background&quot;:&quot;classic&quot;}\">\n\t\t\t\t\t\t\t<div class=\"elementor-background-overlay\"><\/div>\n\t\t\t\t\t\t\t<div class=\"elementor-container elementor-column-gap-default\">\n\t\t\t\t\t<div class=\"elementor-column elementor-col-100 elementor-top-column elementor-element elementor-element-60591f0\" data-id=\"60591f0\" data-element_type=\"column\">\n\t\t\t<div class=\"elementor-widget-wrap elementor-element-populated\">\n\t\t\t\t\t\t<div class=\"elementor-element elementor-element-75c97cf elementor-widget elementor-widget-heading\" data-id=\"75c97cf\" data-element_type=\"widget\" data-widget_type=\"heading.default\">\n\t\t\t\t\t<h1 class=\"elementor-heading-title elementor-size-default\">Projects<\/h1>\t\t\t\t<\/div>\n\t\t\t\t\t<\/div>\n\t\t<\/div>\n\t\t\t\t\t<\/div>\n\t\t<\/section>\n\t\t\t\t<section class=\"elementor-section elementor-top-section elementor-element elementor-element-abc6226 elementor-section-boxed elementor-section-height-default elementor-section-height-default\" data-id=\"abc6226\" data-element_type=\"section\">\n\t\t\t\t\t\t\t<div class=\"elementor-background-overlay\"><\/div>\n\t\t\t\t\t\t\t<div class=\"elementor-container elementor-column-gap-no\">\n\t\t\t\t\t<div class=\"elementor-column elementor-col-100 elementor-top-column elementor-element elementor-element-ec21d56\" data-id=\"ec21d56\" data-element_type=\"column\">\n\t\t\t<div class=\"elementor-widget-wrap elementor-element-populated\">\n\t\t\t\t\t\t<section class=\"elementor-section elementor-inner-section elementor-element elementor-element-78962e7 elementor-section-boxed elementor-section-height-default elementor-section-height-default\" data-id=\"78962e7\" data-element_type=\"section\">\n\t\t\t\t\t\t<div class=\"elementor-container elementor-column-gap-no\">\n\t\t\t\t\t<div class=\"elementor-column elementor-col-33 elementor-inner-column elementor-element elementor-element-949c380\" data-id=\"949c380\" data-element_type=\"column\">\n\t\t\t<div class=\"elementor-widget-wrap elementor-element-populated\">\n\t\t\t\t\t\t<section class=\"elementor-section elementor-inner-section elementor-element elementor-element-631e031 elementor-section-boxed elementor-section-height-default elementor-section-height-default\" data-id=\"631e031\" data-element_type=\"section\">\n\t\t\t\t\t\t<div class=\"elementor-container elementor-column-gap-no\">\n\t\t\t\t\t<div class=\"elementor-column elementor-col-100 elementor-inner-column elementor-element elementor-element-5a6bdb5\" data-id=\"5a6bdb5\" data-element_type=\"column\" data-settings=\"{&quot;background_background&quot;:&quot;classic&quot;}\">\n\t\t\t<div class=\"elementor-widget-wrap elementor-element-populated\">\n\t\t\t\t\t<div class=\"elementor-background-overlay\"><\/div>\n\t\t\t\t\t\t<div class=\"elementor-element elementor-element-1b70453 elementor-widget elementor-widget-image\" data-id=\"1b70453\" data-element_type=\"widget\" data-widget_type=\"image.default\">\n\t\t\t\t\t\t\t\t\t\t\t\t\t\t\t<img fetchpriority=\"high\" decoding=\"async\" width=\"720\" height=\"522\" src=\"https:\/\/frauenfurentwicklung.org\/wp-content\/uploads\/2025\/09\/A9718122-1024x743.jpeg\" class=\"attachment-large size-large wp-image-213\" alt=\"\" srcset=\"https:\/\/frauenfurentwicklung.org\/wp-content\/uploads\/2025\/09\/A9718122-1024x743.jpeg 1024w, https:\/\/frauenfurentwicklung.org\/wp-content\/uploads\/2025\/09\/A9718122-300x218.jpeg 300w, https:\/\/frauenfurentwicklung.org\/wp-content\/uploads\/2025\/09\/A9718122-768x557.jpeg 768w, https:\/\/frauenfurentwicklung.org\/wp-content\/uploads\/2025\/09\/A9718122-1536x1114.jpeg 1536w, https:\/\/frauenfurentwicklung.org\/wp-content\/uploads\/2025\/09\/A9718122-2048x1485.jpeg 2048w, https:\/\/frauenfurentwicklung.org\/wp-content\/uploads\/2025\/09\/A9718122-18x12.jpeg 18w, https:\/\/frauenfurentwicklung.org\/wp-content\/uploads\/2025\/09\/A9718122-600x435.jpeg 600w\" sizes=\"(max-width: 720px) 100vw, 720px\" \/>\t\t\t\t\t\t\t\t\t\t\t\t\t\t\t<\/div>\n\t\t\t\t<div class=\"elementor-element elementor-element-a6073d3 elementor-widget elementor-widget-icon-box\" data-id=\"a6073d3\" data-element_type=\"widget\" data-widget_type=\"icon-box.default\">\n\t\t\t\t\t\t\t<div class=\"elementor-icon-box-wrapper\">\n\n\t\t\t\n\t\t\t\t\t\t<div class=\"elementor-icon-box-content\">\n\n\t\t\t\t\t\t\t\t\t<h3 class=\"elementor-icon-box-title\">\n\t\t\t\t\t\t<a href=\"#\" >\n\t\t\t\t\t\t\tRefugees\t\t\t\t\t\t<\/a>\n\t\t\t\t\t<\/h3>\n\t\t\t\t\n\t\t\t\t\t\t\t\t\t<p class=\"elementor-icon-box-description\">\n\t\t\t\t\t\tAlles zur\u00fccklassen und in ein anderes Land fliehen. Millionen Menschen\nweltweit sind dazu gezwungen. Menschen, die vor Gewalt fliehen, haben das\nRecht auf Schutz und Obdach. Unterst\u00fctzen Sie Fl\u00fcchtlinge.\t\t\t\t\t<\/p>\n\t\t\t\t\n\t\t\t<\/div>\n\t\t\t\n\t\t<\/div>\n\t\t\t\t\t\t<\/div>\n\t\t\t\t\t<\/div>\n\t\t<\/div>\n\t\t\t\t\t<\/div>\n\t\t<\/section>\n\t\t\t\t\t<\/div>\n\t\t<\/div>\n\t\t\t\t<div class=\"elementor-column elementor-col-33 elementor-inner-column elementor-element elementor-element-680f432\" data-id=\"680f432\" data-element_type=\"column\">\n\t\t\t<div class=\"elementor-widget-wrap elementor-element-populated\">\n\t\t\t\t\t\t<section class=\"elementor-section elementor-inner-section elementor-element elementor-element-3f9dd1e elementor-section-boxed elementor-section-height-default elementor-section-height-default\" data-id=\"3f9dd1e\" data-element_type=\"section\">\n\t\t\t\t\t\t<div class=\"elementor-container elementor-column-gap-no\">\n\t\t\t\t\t<div class=\"elementor-column elementor-col-100 elementor-inner-column elementor-element elementor-element-b96c53d\" data-id=\"b96c53d\" data-element_type=\"column\" data-settings=\"{&quot;background_background&quot;:&quot;classic&quot;}\">\n\t\t\t<div class=\"elementor-widget-wrap elementor-element-populated\">\n\t\t\t\t\t<div class=\"elementor-background-overlay\"><\/div>\n\t\t\t\t\t\t<div class=\"elementor-element elementor-element-c222df7 elementor-widget elementor-widget-image\" data-id=\"c222df7\" data-element_type=\"widget\" data-widget_type=\"image.default\">\n\t\t\t\t\t\t\t\t\t\t\t\t\t\t\t<img decoding=\"async\" width=\"686\" height=\"386\" src=\"https:\/\/frauenfurentwicklung.org\/wp-content\/uploads\/2025\/09\/3.jpg\" class=\"attachment-large size-large wp-image-208\" alt=\"\" srcset=\"https:\/\/frauenfurentwicklung.org\/wp-content\/uploads\/2025\/09\/3.jpg 686w, https:\/\/frauenfurentwicklung.org\/wp-content\/uploads\/2025\/09\/3-300x169.jpg 300w, https:\/\/frauenfurentwicklung.org\/wp-content\/uploads\/2025\/09\/3-18x10.jpg 18w, https:\/\/frauenfurentwicklung.org\/wp-content\/uploads\/2025\/09\/3-600x338.jpg 600w\" sizes=\"(max-width: 686px) 100vw, 686px\" \/>\t\t\t\t\t\t\t\t\t\t\t\t\t\t\t<\/div>\n\t\t\t\t<div class=\"elementor-element elementor-element-1f72333 elementor-widget elementor-widget-icon-box\" data-id=\"1f72333\" data-element_type=\"widget\" data-widget_type=\"icon-box.default\">\n\t\t\t\t\t\t\t<div class=\"elementor-icon-box-wrapper\">\n\n\t\t\t\n\t\t\t\t\t\t<div class=\"elementor-icon-box-content\">\n\n\t\t\t\t\t\t\t\t\t<h3 class=\"elementor-icon-box-title\">\n\t\t\t\t\t\t<a href=\"#\" >\n\t\t\t\t\t\t\tRenovation of Orphanage\t\t\t\t\t\t<\/a>\n\t\t\t\t\t<\/h3>\n\t\t\t\t\n\t\t\t\t\t\t\t\t\t<p class=\"elementor-icon-box-description\">\n\t\t\t\t\t\tKinder k\u00e4mpfen in der harten Realit\u00e4t von Armut, Hunger und Vernachl\u00e4ssigung\nums \u00dcberleben. Gemeinsam k\u00f6nnen wir das Leben gef\u00e4hrdeter Kinder positiv\nbeeinflussen und ihnen mit Liebe eine hoffnungsvolle Zukunft schenken.\t\t\t\t\t<\/p>\n\t\t\t\t\n\t\t\t<\/div>\n\t\t\t\n\t\t<\/div>\n\t\t\t\t\t\t<\/div>\n\t\t\t\t\t<\/div>\n\t\t<\/div>\n\t\t\t\t\t<\/div>\n\t\t<\/section>\n\t\t\t\t\t<\/div>\n\t\t<\/div>\n\t\t\t\t<div class=\"elementor-column elementor-col-33 elementor-inner-column elementor-element elementor-element-e438148\" data-id=\"e438148\" data-element_type=\"column\">\n\t\t\t<div class=\"elementor-widget-wrap elementor-element-populated\">\n\t\t\t\t\t\t<section class=\"elementor-section elementor-inner-section elementor-element elementor-element-5721075 elementor-section-boxed elementor-section-height-default elementor-section-height-default\" data-id=\"5721075\" data-element_type=\"section\">\n\t\t\t\t\t\t<div class=\"elementor-container elementor-column-gap-no\">\n\t\t\t\t\t<div class=\"elementor-column elementor-col-100 elementor-inner-column elementor-element elementor-element-527b81c\" data-id=\"527b81c\" data-element_type=\"column\" data-settings=\"{&quot;background_background&quot;:&quot;classic&quot;}\">\n\t\t\t<div class=\"elementor-widget-wrap elementor-element-populated\">\n\t\t\t\t\t<div class=\"elementor-background-overlay\"><\/div>\n\t\t\t\t\t\t<div class=\"elementor-element elementor-element-d68d680 elementor-widget elementor-widget-image\" data-id=\"d68d680\" data-element_type=\"widget\" data-widget_type=\"image.default\">\n\t\t\t\t\t\t\t\t\t\t\t\t\t\t\t<img decoding=\"async\" width=\"720\" height=\"378\" src=\"https:\/\/frauenfurentwicklung.org\/wp-content\/uploads\/2025\/09\/44-4-1024x538.jpg\" class=\"attachment-large size-large wp-image-197\" alt=\"\" srcset=\"https:\/\/frauenfurentwicklung.org\/wp-content\/uploads\/2025\/09\/44-4-1024x538.jpg 1024w, https:\/\/frauenfurentwicklung.org\/wp-content\/uploads\/2025\/09\/44-4-300x158.jpg 300w, https:\/\/frauenfurentwicklung.org\/wp-content\/uploads\/2025\/09\/44-4-768x403.jpg 768w, https:\/\/frauenfurentwicklung.org\/wp-content\/uploads\/2025\/09\/44-4-18x9.jpg 18w, https:\/\/frauenfurentwicklung.org\/wp-content\/uploads\/2025\/09\/44-4-590x310.jpg 590w, https:\/\/frauenfurentwicklung.org\/wp-content\/uploads\/2025\/09\/44-4-600x315.jpg 600w, https:\/\/frauenfurentwicklung.org\/wp-content\/uploads\/2025\/09\/44-4.jpg 1200w\" sizes=\"(max-width: 720px) 100vw, 720px\" \/>\t\t\t\t\t\t\t\t\t\t\t\t\t\t\t<\/div>\n\t\t\t\t<div class=\"elementor-element elementor-element-0b2caa1 elementor-widget elementor-widget-icon-box\" data-id=\"0b2caa1\" data-element_type=\"widget\" data-widget_type=\"icon-box.default\">\n\t\t\t\t\t\t\t<div class=\"elementor-icon-box-wrapper\">\n\n\t\t\t\n\t\t\t\t\t\t<div class=\"elementor-icon-box-content\">\n\n\t\t\t\t\t\t\t\t\t<h3 class=\"elementor-icon-box-title\">\n\t\t\t\t\t\t<a href=\"#\" >\n\t\t\t\t\t\t\tEmergency aid\t\t\t\t\t\t<\/a>\n\t\t\t\t\t<\/h3>\n\t\t\t\t\n\t\t\t\t\t\t\t\t\t<p class=\"elementor-icon-box-description\">\n\t\t\t\t\t\tBei Erdbeben, \u00dcberschwemmungen und anderen Naturkatastrophen leisten wir\nsofortige Hilfe, indem wir die Opfer mit medizinischer Versorgung, Wasser,\nNahrung und Kleidung versorgen. Gemeinsam machen wir den Unterschied.\t\t\t\t\t<\/p>\n\t\t\t\t\n\t\t\t<\/div>\n\t\t\t\n\t\t<\/div>\n\t\t\t\t\t\t<\/div>\n\t\t\t\t\t<\/div>\n\t\t<\/div>\n\t\t\t\t\t<\/div>\n\t\t<\/section>\n\t\t\t\t\t<\/div>\n\t\t<\/div>\n\t\t\t\t\t<\/div>\n\t\t<\/section>\n\t\t\t\t\t<\/div>\n\t\t<\/div>\n\t\t\t\t\t<\/div>\n\t\t<\/section>\n\t\t\t\t<\/div>","protected":false},"excerpt":{"rendered":"<p>Projects Refugees Alles zur\u00fccklassen und in ein anderes Land fliehen. Millionen Menschen weltweit sind dazu gezwungen. Menschen, die vor Gewalt fliehen, haben das Recht auf Schutz und Obdach. Unterst\u00fctzen Sie Fl\u00fcchtlinge. Renovation of Orphanage Kinder k\u00e4mpfen in der harten Realit\u00e4t von Armut, Hunger und Vernachl\u00e4ssigung ums \u00dcberleben. Gemeinsam k\u00f6nnen wir das Leben gef\u00e4hrdeter Kinder positiv beeinflussen und ihnen mit Liebe [&hellip;]<\/p>","protected":false},"author":1,"featured_media":0,"parent":0,"menu_order":0,"comment_status":"closed","ping_status":"closed","template":"elementor_header_footer","meta":{"footnotes":""},"class_list":["post-113","page","type-page","status-publish","hentry"],"_links":{"self":[{"href":"https:\/\/frauenfurentwicklung.org\/de\/wp-json\/wp\/v2\/pages\/113","targetHints":{"allow":["GET"]}}],"collection":[{"href":"https:\/\/frauenfurentwicklung.org\/de\/wp-json\/wp\/v2\/pages"}],"about":[{"href":"https:\/\/frauenfurentwicklung.org\/de\/wp-json\/wp\/v2\/types\/page"}],"author":[{"embeddable":true,"href":"https:\/\/frauenfurentwicklung.org\/de\/wp-json\/wp\/v2\/users\/1"}],"replies":[{"embeddable":true,"href":"https:\/\/frauenfurentwicklung.org\/de\/wp-json\/wp\/v2\/comments?post=113"}],"version-history":[{"count":10,"href":"https:\/\/frauenfurentwicklung.org\/de\/wp-json\/wp\/v2\/pages\/113\/revisions"}],"predecessor-version":[{"id":219,"href":"https:\/\/frauenfurentwicklung.org\/de\/wp-json\/wp\/v2\/pages\/113\/revisions\/219"}],"wp:attachment":[{"href":"https:\/\/frauenfurentwicklung.org\/de\/wp-json\/wp\/v2\/media?parent=113"}],"curies":[{"name":"wp","href":"https:\/\/api.w.org\/{rel}","templated":true}]}}